{"id":135,"date":"2023-10-03T17:03:01","date_gmt":"2023-10-03T17:03:01","guid":{"rendered":"https:\/\/englishonline.education\/?page_id=135"},"modified":"2023-10-04T23:09:03","modified_gmt":"2023-10-04T23:09:03","slug":"elementor-135","status":"publish","type":"page","link":"https:\/\/englishonline.education\/?page_id=135","title":{"rendered":"Programas Corporativos"},"content":{"rendered":"\t\t<div data-elementor-type=\"wp-page\" data-elementor-id=\"135\" class=\"elementor elementor-135\">\n\t\t\t\t\t\t\t<div class=\"elementor-element elementor-element-1b69f73 e-con-full e-flex e-con e-parent\" data-id=\"1b69f73\" data-element_type=\"container\" data-settings=\"{&quot;content_width&quot;:&quot;full&quot;}\" data-core-v316-plus=\"true\">\n\t\t<div class=\"elementor-element elementor-element-9154ff9 e-con-full e-flex e-con e-child\" data-id=\"9154ff9\" data-element_type=\"container\" data-settings=\"{&quot;content_width&quot;:&quot;full&quot;}\">\n\t\t\t\t<div class=\"elementor-element elementor-element-3a1bdf6 elementor-widget elementor-widget-shortcode\" data-id=\"3a1bdf6\" data-element_type=\"widget\" data-widget_type=\"shortcode.default\">\n\t\t\t\t<div class=\"elementor-widget-container\">\n\t\t\t\t\t<div class=\"elementor-shortcode\"><\/div>\n\t\t\t\t<\/div>\n\t\t\t\t<\/div>\n\t\t\t\t<\/div>\n\t\t\t\t<\/div>\n\t\t<div class=\"elementor-element elementor-element-fa9b957 e-flex e-con-boxed e-con e-parent\" data-id=\"fa9b957\" data-element_type=\"container\" data-settings=\"{&quot;content_width&quot;:&quot;boxed&quot;}\" data-core-v316-plus=\"true\">\n\t\t\t\t\t<div class=\"e-con-inner\">\n\t\t\t\t\t<\/div>\n\t\t\t\t<\/div>\n\t\t<div class=\"elementor-element elementor-element-2f186dd e-flex e-con-boxed e-con e-parent\" data-id=\"2f186dd\" data-element_type=\"container\" data-settings=\"{&quot;content_width&quot;:&quot;boxed&quot;}\" data-core-v316-plus=\"true\">\n\t\t\t\t\t<div class=\"e-con-inner\">\n\t\t\t\t<div class=\"elementor-element elementor-element-c141c69 elementor-widget__width-inherit elementor-widget elementor-widget-image\" data-id=\"c141c69\" data-element_type=\"widget\" data-widget_type=\"image.default\">\n\t\t\t\t<div class=\"elementor-widget-container\">\n\t\t\t<style>\/*! elementor - v3.16.0 - 20-09-2023 *\/\n.elementor-widget-image{text-align:center}.elementor-widget-image a{display:inline-block}.elementor-widget-image a img[src$=\".svg\"]{width:48px}.elementor-widget-image img{vertical-align:middle;display:inline-block}<\/style>\t\t\t\t\t\t\t\t\t\t\t\t<img decoding=\"async\" loading=\"lazy\" width=\"150\" height=\"64\" src=\"https:\/\/englishonline.education\/wp-content\/uploads\/2023\/10\/LOGOO-BANDERIN-EDUCAMINOS-PNG-1-1-150x64.png\" class=\"attachment-clients-slider size-clients-slider wp-image-265\" alt=\"\" srcset=\"https:\/\/englishonline.education\/wp-content\/uploads\/2023\/10\/LOGOO-BANDERIN-EDUCAMINOS-PNG-1-1-150x64.png 150w, https:\/\/englishonline.education\/wp-content\/uploads\/2023\/10\/LOGOO-BANDERIN-EDUCAMINOS-PNG-1-1-300x128.png 300w, https:\/\/englishonline.education\/wp-content\/uploads\/2023\/10\/LOGOO-BANDERIN-EDUCAMINOS-PNG-1-1-1024x437.png 1024w, https:\/\/englishonline.education\/wp-content\/uploads\/2023\/10\/LOGOO-BANDERIN-EDUCAMINOS-PNG-1-1-768x328.png 768w, https:\/\/englishonline.education\/wp-content\/uploads\/2023\/10\/LOGOO-BANDERIN-EDUCAMINOS-PNG-1-1-1536x656.png 1536w, https:\/\/englishonline.education\/wp-content\/uploads\/2023\/10\/LOGOO-BANDERIN-EDUCAMINOS-PNG-1-1-2048x875.png 2048w, https:\/\/englishonline.education\/wp-content\/uploads\/2023\/10\/LOGOO-BANDERIN-EDUCAMINOS-PNG-1-1-260x111.png 260w, https:\/\/englishonline.education\/wp-content\/uploads\/2023\/10\/LOGOO-BANDERIN-EDUCAMINOS-PNG-1-1-50x21.png 50w\" sizes=\"(max-width: 150px) 100vw, 150px\" \/>\t\t\t\t\t\t\t\t\t\t\t\t\t\t\t<\/div>\n\t\t\t\t<\/div>\n\t\t\t\t\t<\/div>\n\t\t\t\t<\/div>\n\t\t<div class=\"elementor-element elementor-element-ab788a9 e-flex e-con-boxed e-con e-parent\" data-id=\"ab788a9\" data-element_type=\"container\" data-settings=\"{&quot;content_width&quot;:&quot;boxed&quot;}\" data-core-v316-plus=\"true\">\n\t\t\t\t\t<div class=\"e-con-inner\">\n\t\t\t\t<div class=\"elementor-element elementor-element-8a2cad4 elementor-widget elementor-widget-icon-box\" data-id=\"8a2cad4\" data-element_type=\"widget\" data-widget_type=\"icon-box.default\">\n\t\t\t\t<div class=\"elementor-widget-container\">\n\t\t\t<link rel=\"stylesheet\" href=\"https:\/\/englishonline.education\/wp-content\/uploads\/elementor\/css\/custom-widget-icon-box.min.css?ver=1696433338\">\t\t<div class=\"elementor-icon-box-wrapper\">\n\t\t\t\t\t\t<div class=\"elementor-icon-box-content\">\n\t\t\t\t<h3 class=\"elementor-icon-box-title\">\n\t\t\t\t\t<span  >\n\t\t\t\t\t\tNuestras Acreditaciones \t\t\t\t\t<\/span>\n\t\t\t\t<\/h3>\n\t\t\t\t\t\t\t<\/div>\n\t\t<\/div>\n\t\t\t\t<\/div>\n\t\t\t\t<\/div>\n\t\t\t\t\t<\/div>\n\t\t\t\t<\/div>\n\t\t<div class=\"elementor-element elementor-element-4789337 e-flex e-con-boxed e-con e-parent\" data-id=\"4789337\" data-element_type=\"container\" data-settings=\"{&quot;content_width&quot;:&quot;boxed&quot;}\" data-core-v316-plus=\"true\">\n\t\t\t\t\t<div class=\"e-con-inner\">\n\t\t\t\t<div class=\"elementor-element elementor-element-f8746e5 elementor-arrows-position-inside elementor-pagination-position-outside elementor-widget elementor-widget-image-carousel\" data-id=\"f8746e5\" data-element_type=\"widget\" data-settings=\"{&quot;navigation&quot;:&quot;both&quot;,&quot;autoplay&quot;:&quot;yes&quot;,&quot;pause_on_hover&quot;:&quot;yes&quot;,&quot;pause_on_interaction&quot;:&quot;yes&quot;,&quot;autoplay_speed&quot;:5000,&quot;infinite&quot;:&quot;yes&quot;,&quot;speed&quot;:500}\" data-widget_type=\"image-carousel.default\">\n\t\t\t\t<div class=\"elementor-widget-container\">\n\t\t\t<style>\/*! elementor - v3.16.0 - 20-09-2023 *\/\n.elementor-widget-image-carousel .swiper,.elementor-widget-image-carousel .swiper-container{position:static}.elementor-widget-image-carousel .swiper-container .swiper-slide figure,.elementor-widget-image-carousel .swiper .swiper-slide figure{line-height:inherit}.elementor-widget-image-carousel .swiper-slide{text-align:center}.elementor-image-carousel-wrapper:not(.swiper-container-initialized):not(.swiper-initialized) .swiper-slide{max-width:calc(100% \/ var(--e-image-carousel-slides-to-show, 3))}<\/style>\t\t<div class=\"elementor-image-carousel-wrapper swiper\" dir=\"ltr\">\n\t\t\t<div class=\"elementor-image-carousel swiper-wrapper\" aria-live=\"off\">\n\t\t\t\t\t\t\t\t<div class=\"swiper-slide\" role=\"group\" aria-roledescription=\"slide\" aria-label=\"1 de 3\"><figure class=\"swiper-slide-inner\"><img decoding=\"async\" class=\"swiper-slide-image\" src=\"https:\/\/englishonline.education\/wp-content\/uploads\/2023\/10\/quality-english-authorized-agent-260x133.png\" alt=\"quality-english-authorized-agent\" \/><\/figure><\/div><div class=\"swiper-slide\" role=\"group\" aria-roledescription=\"slide\" aria-label=\"2 de 3\"><figure class=\"swiper-slide-inner\"><img decoding=\"async\" class=\"swiper-slide-image\" src=\"https:\/\/englishonline.education\/wp-content\/uploads\/2023\/10\/Qeac-300x124-1-260x107.jpg\" alt=\"Qeac-300x124-1\" \/><\/figure><\/div><div class=\"swiper-slide\" role=\"group\" aria-roledescription=\"slide\" aria-label=\"3 de 3\"><figure class=\"swiper-slide-inner\"><img decoding=\"async\" class=\"swiper-slide-image\" src=\"https:\/\/englishonline.education\/wp-content\/uploads\/2023\/10\/csm_logo-ialc-partner-blue-RGB-small_c587ff2e3f-260x118.jpg\" alt=\"csm_logo-ialc-partner-blue-RGB-small_c587ff2e3f\" \/><\/figure><\/div>\t\t\t<\/div>\n\t\t\t\t\t\t\t\t\t\t\t\t<div class=\"elementor-swiper-button elementor-swiper-button-prev\" role=\"button\" tabindex=\"0\">\n\t\t\t\t\t\t<i aria-hidden=\"true\" class=\"eicon-chevron-left\"><\/i>\t\t\t\t\t<\/div>\n\t\t\t\t\t<div class=\"elementor-swiper-button elementor-swiper-button-next\" role=\"button\" tabindex=\"0\">\n\t\t\t\t\t\t<i aria-hidden=\"true\" class=\"eicon-chevron-right\"><\/i>\t\t\t\t\t<\/div>\n\t\t\t\t\n\t\t\t\t\t\t\t\t\t<div class=\"swiper-pagination\"><\/div>\n\t\t\t\t\t\t\t\t\t<\/div>\n\t\t\t\t<\/div>\n\t\t\t\t<\/div>\n\t\t\t\t\t<\/div>\n\t\t\t\t<\/div>\n\t\t<div class=\"elementor-element elementor-element-138e65c e-flex e-con-boxed e-con e-parent\" data-id=\"138e65c\" data-element_type=\"container\" data-settings=\"{&quot;content_width&quot;:&quot;boxed&quot;}\" data-core-v316-plus=\"true\">\n\t\t\t\t\t<div class=\"e-con-inner\">\n\t\t\t\t<div class=\"elementor-element elementor-element-17f2863 elementor-widget__width-inherit elementor-widget elementor-widget-spacer\" data-id=\"17f2863\" data-element_type=\"widget\" data-widget_type=\"spacer.default\">\n\t\t\t\t<div class=\"elementor-widget-container\">\n\t\t\t<style>\/*! elementor - v3.16.0 - 20-09-2023 *\/\n.elementor-column .elementor-spacer-inner{height:var(--spacer-size)}.e-con{--container-widget-width:100%}.e-con-inner>.elementor-widget-spacer,.e-con>.elementor-widget-spacer{width:var(--container-widget-width,var(--spacer-size));--align-self:var(--container-widget-align-self,initial);--flex-shrink:0}.e-con-inner>.elementor-widget-spacer>.elementor-widget-container,.e-con>.elementor-widget-spacer>.elementor-widget-container{height:100%;width:100%}.e-con-inner>.elementor-widget-spacer>.elementor-widget-container>.elementor-spacer,.e-con>.elementor-widget-spacer>.elementor-widget-container>.elementor-spacer{height:100%}.e-con-inner>.elementor-widget-spacer>.elementor-widget-container>.elementor-spacer>.elementor-spacer-inner,.e-con>.elementor-widget-spacer>.elementor-widget-container>.elementor-spacer>.elementor-spacer-inner{height:var(--container-widget-height,var(--spacer-size))}.e-con-inner>.elementor-widget-spacer.elementor-widget-empty,.e-con>.elementor-widget-spacer.elementor-widget-empty{position:relative;min-height:22px;min-width:22px}.e-con-inner>.elementor-widget-spacer.elementor-widget-empty .elementor-widget-empty-icon,.e-con>.elementor-widget-spacer.elementor-widget-empty .elementor-widget-empty-icon{position:absolute;top:0;bottom:0;left:0;right:0;margin:auto;padding:0;width:22px;height:22px}<\/style>\t\t<div class=\"elementor-spacer\">\n\t\t\t<div class=\"elementor-spacer-inner\"><\/div>\n\t\t<\/div>\n\t\t\t\t<\/div>\n\t\t\t\t<\/div>\n\t\t\t\t\t<\/div>\n\t\t\t\t<\/div>\n\t\t<div class=\"elementor-element elementor-element-7032063 e-flex e-con-boxed e-con e-parent\" data-id=\"7032063\" data-element_type=\"container\" data-settings=\"{&quot;content_width&quot;:&quot;boxed&quot;}\" data-core-v316-plus=\"true\">\n\t\t\t\t\t<div class=\"e-con-inner\">\n\t\t\t\t<div class=\"elementor-element elementor-element-e1e4e4c elementor-widget__width-inherit elementor-widget elementor-widget-heading\" data-id=\"e1e4e4c\" data-element_type=\"widget\" data-widget_type=\"heading.default\">\n\t\t\t\t<div class=\"elementor-widget-container\">\n\t\t\t<style>\/*! elementor - v3.16.0 - 20-09-2023 *\/\n.elementor-heading-title{padding:0;margin:0;line-height:1}.elementor-widget-heading .elementor-heading-title[class*=elementor-size-]>a{color:inherit;font-size:inherit;line-height:inherit}.elementor-widget-heading .elementor-heading-title.elementor-size-small{font-size:15px}.elementor-widget-heading .elementor-heading-title.elementor-size-medium{font-size:19px}.elementor-widget-heading .elementor-heading-title.elementor-size-large{font-size:29px}.elementor-widget-heading .elementor-heading-title.elementor-size-xl{font-size:39px}.elementor-widget-heading .elementor-heading-title.elementor-size-xxl{font-size:59px}<\/style><h2 class=\"elementor-heading-title elementor-size-xl\">Metodolog\u00eda<\/h2>\t\t<\/div>\n\t\t\t\t<\/div>\n\t\t\t\t\t<\/div>\n\t\t\t\t<\/div>\n\t\t<div class=\"elementor-element elementor-element-3589aca e-flex e-con-boxed e-con e-parent\" data-id=\"3589aca\" data-element_type=\"container\" data-settings=\"{&quot;content_width&quot;:&quot;boxed&quot;}\" data-core-v316-plus=\"true\">\n\t\t\t\t\t<div class=\"e-con-inner\">\n\t\t<div class=\"elementor-element elementor-element-f4b42ac e-con-full e-flex e-con e-child\" data-id=\"f4b42ac\" data-element_type=\"container\" data-settings=\"{&quot;content_width&quot;:&quot;full&quot;}\">\n\t\t\t\t<div class=\"elementor-element elementor-element-196070c elementor-widget elementor-widget-spacer\" data-id=\"196070c\" data-element_type=\"widget\" data-widget_type=\"spacer.default\">\n\t\t\t\t<div class=\"elementor-widget-container\">\n\t\t\t\t\t<div class=\"elementor-spacer\">\n\t\t\t<div class=\"elementor-spacer-inner\"><\/div>\n\t\t<\/div>\n\t\t\t\t<\/div>\n\t\t\t\t<\/div>\n\t\t\t\t<div class=\"elementor-element elementor-element-0e2753c elementor-widget elementor-widget-image\" data-id=\"0e2753c\" data-element_type=\"widget\" data-widget_type=\"image.default\">\n\t\t\t\t<div class=\"elementor-widget-container\">\n\t\t\t\t\t\t\t\t\t\t\t\t\t\t\t<img decoding=\"async\" loading=\"lazy\" width=\"487\" height=\"508\" src=\"https:\/\/englishonline.education\/wp-content\/uploads\/2023\/10\/Captura-de-pantalla-2023-10-04-174745.png\" class=\"attachment-1536x1536 size-1536x1536 wp-image-290\" alt=\"\" srcset=\"https:\/\/englishonline.education\/wp-content\/uploads\/2023\/10\/Captura-de-pantalla-2023-10-04-174745.png 487w, https:\/\/englishonline.education\/wp-content\/uploads\/2023\/10\/Captura-de-pantalla-2023-10-04-174745-288x300.png 288w, https:\/\/englishonline.education\/wp-content\/uploads\/2023\/10\/Captura-de-pantalla-2023-10-04-174745-140x146.png 140w, https:\/\/englishonline.education\/wp-content\/uploads\/2023\/10\/Captura-de-pantalla-2023-10-04-174745-48x50.png 48w, https:\/\/englishonline.education\/wp-content\/uploads\/2023\/10\/Captura-de-pantalla-2023-10-04-174745-72x75.png 72w\" sizes=\"(max-width: 487px) 100vw, 487px\" \/>\t\t\t\t\t\t\t\t\t\t\t\t\t\t\t<\/div>\n\t\t\t\t<\/div>\n\t\t\t\t<\/div>\n\t\t<div class=\"elementor-element elementor-element-6ca43b5 e-con-full e-flex e-con e-child\" data-id=\"6ca43b5\" data-element_type=\"container\" data-settings=\"{&quot;content_width&quot;:&quot;full&quot;}\">\n\t\t\t\t<div class=\"elementor-element elementor-element-06e081c elementor-widget elementor-widget-spacer\" data-id=\"06e081c\" data-element_type=\"widget\" data-widget_type=\"spacer.default\">\n\t\t\t\t<div class=\"elementor-widget-container\">\n\t\t\t\t\t<div class=\"elementor-spacer\">\n\t\t\t<div class=\"elementor-spacer-inner\"><\/div>\n\t\t<\/div>\n\t\t\t\t<\/div>\n\t\t\t\t<\/div>\n\t\t\t\t<div class=\"elementor-element elementor-element-76aa243 elementor-widget__width-initial elementor-widget elementor-widget-image\" data-id=\"76aa243\" data-element_type=\"widget\" data-widget_type=\"image.default\">\n\t\t\t\t<div class=\"elementor-widget-container\">\n\t\t\t\t\t\t\t\t\t\t\t\t\t\t\t<img decoding=\"async\" loading=\"lazy\" width=\"385\" height=\"248\" src=\"https:\/\/englishonline.education\/wp-content\/uploads\/2023\/10\/Captura-de-pantalla-2023-10-04-120005.png\" class=\"attachment-blog-single size-blog-single wp-image-247\" alt=\"\" srcset=\"https:\/\/englishonline.education\/wp-content\/uploads\/2023\/10\/Captura-de-pantalla-2023-10-04-120005.png 385w, https:\/\/englishonline.education\/wp-content\/uploads\/2023\/10\/Captura-de-pantalla-2023-10-04-120005-300x193.png 300w, https:\/\/englishonline.education\/wp-content\/uploads\/2023\/10\/Captura-de-pantalla-2023-10-04-120005-227x146.png 227w, https:\/\/englishonline.education\/wp-content\/uploads\/2023\/10\/Captura-de-pantalla-2023-10-04-120005-50x32.png 50w, https:\/\/englishonline.education\/wp-content\/uploads\/2023\/10\/Captura-de-pantalla-2023-10-04-120005-116x75.png 116w\" sizes=\"(max-width: 385px) 100vw, 385px\" \/>\t\t\t\t\t\t\t\t\t\t\t\t\t\t\t<\/div>\n\t\t\t\t<\/div>\n\t\t\t\t<div class=\"elementor-element elementor-element-2d4e04a elementor-widget elementor-widget-spacer\" data-id=\"2d4e04a\" data-element_type=\"widget\" data-widget_type=\"spacer.default\">\n\t\t\t\t<div class=\"elementor-widget-container\">\n\t\t\t\t\t<div class=\"elementor-spacer\">\n\t\t\t<div class=\"elementor-spacer-inner\"><\/div>\n\t\t<\/div>\n\t\t\t\t<\/div>\n\t\t\t\t<\/div>\n\t\t\t\t<div class=\"elementor-element elementor-element-8ae01c9 elementor-widget elementor-widget-counter\" data-id=\"8ae01c9\" data-element_type=\"widget\" data-widget_type=\"counter.default\">\n\t\t\t\t<div class=\"elementor-widget-container\">\n\t\t\t<style>\/*! elementor - v3.16.0 - 20-09-2023 *\/\n.elementor-counter .elementor-counter-number-wrapper{display:flex;font-size:69px;font-weight:600;line-height:1}.elementor-counter .elementor-counter-number-prefix,.elementor-counter .elementor-counter-number-suffix{flex-grow:1;white-space:pre-wrap}.elementor-counter .elementor-counter-number-prefix{text-align:right}.elementor-counter .elementor-counter-number-suffix{text-align:left}.elementor-counter .elementor-counter-title{text-align:center;font-size:19px;font-weight:400;line-height:2.5}<\/style>\t\t<div class=\"elementor-counter\">\n\t\t\t<div class=\"elementor-counter-number-wrapper\">\n\t\t\t\t<span class=\"elementor-counter-number-prefix\"><\/span>\n\t\t\t\t<span class=\"elementor-counter-number\" data-duration=\"\" data-to-value=\"10\" data-from-value=\"0\" data-delimiter=\",\">0<\/span>\n\t\t\t\t<span class=\"elementor-counter-number-suffix\"><\/span>\n\t\t\t<\/div>\n\t\t\t\t\t\t\t<div class=\"elementor-counter-title\">Estudiantes por sal\u00f3n<\/div>\n\t\t\t\t\t<\/div>\n\t\t\t\t<\/div>\n\t\t\t\t<\/div>\n\t\t\t\t<\/div>\n\t\t\t\t\t<\/div>\n\t\t\t\t<\/div>\n\t\t<div class=\"elementor-element elementor-element-5478a6a e-flex e-con-boxed e-con e-parent\" data-id=\"5478a6a\" data-element_type=\"container\" data-settings=\"{&quot;content_width&quot;:&quot;boxed&quot;}\" data-core-v316-plus=\"true\">\n\t\t\t\t\t<div class=\"e-con-inner\">\n\t\t\t\t<div class=\"elementor-element elementor-element-264f844 elementor-widget__width-inherit elementor-widget elementor-widget-spacer\" data-id=\"264f844\" data-element_type=\"widget\" data-widget_type=\"spacer.default\">\n\t\t\t\t<div class=\"elementor-widget-container\">\n\t\t\t\t\t<div class=\"elementor-spacer\">\n\t\t\t<div class=\"elementor-spacer-inner\"><\/div>\n\t\t<\/div>\n\t\t\t\t<\/div>\n\t\t\t\t<\/div>\n\t\t\t\t\t<\/div>\n\t\t\t\t<\/div>\n\t\t<div class=\"elementor-element elementor-element-3c4b9ec e-flex e-con-boxed e-con e-parent\" data-id=\"3c4b9ec\" data-element_type=\"container\" data-settings=\"{&quot;content_width&quot;:&quot;boxed&quot;}\" data-core-v316-plus=\"true\">\n\t\t\t\t\t<div class=\"e-con-inner\">\n\t\t<div class=\"elementor-element elementor-element-5de1cb0 e-con-full e-flex e-con e-child\" data-id=\"5de1cb0\" data-element_type=\"container\" data-settings=\"{&quot;content_width&quot;:&quot;full&quot;}\">\n\t\t\t\t<div class=\"elementor-element elementor-element-aef1895 elementor-widget elementor-widget-image\" data-id=\"aef1895\" data-element_type=\"widget\" data-widget_type=\"image.default\">\n\t\t\t\t<div class=\"elementor-widget-container\">\n\t\t\t\t\t\t\t\t\t\t\t\t\t\t\t<img decoding=\"async\" loading=\"lazy\" width=\"1024\" height=\"576\" src=\"https:\/\/englishonline.education\/wp-content\/uploads\/2023\/08\/A5536DDE0F4A1AD592B08382366E61EEC3B98B3C231FEA434D505F1412298D09_sk_6_cid_1-1-1024x576.png\" class=\"attachment-large size-large wp-image-27\" alt=\"\" srcset=\"https:\/\/englishonline.education\/wp-content\/uploads\/2023\/08\/A5536DDE0F4A1AD592B08382366E61EEC3B98B3C231FEA434D505F1412298D09_sk_6_cid_1-1-1024x576.png 1024w, https:\/\/englishonline.education\/wp-content\/uploads\/2023\/08\/A5536DDE0F4A1AD592B08382366E61EEC3B98B3C231FEA434D505F1412298D09_sk_6_cid_1-1-300x169.png 300w, https:\/\/englishonline.education\/wp-content\/uploads\/2023\/08\/A5536DDE0F4A1AD592B08382366E61EEC3B98B3C231FEA434D505F1412298D09_sk_6_cid_1-1-768x432.png 768w, https:\/\/englishonline.education\/wp-content\/uploads\/2023\/08\/A5536DDE0F4A1AD592B08382366E61EEC3B98B3C231FEA434D505F1412298D09_sk_6_cid_1-1-260x146.png 260w, https:\/\/englishonline.education\/wp-content\/uploads\/2023\/08\/A5536DDE0F4A1AD592B08382366E61EEC3B98B3C231FEA434D505F1412298D09_sk_6_cid_1-1-50x28.png 50w, https:\/\/englishonline.education\/wp-content\/uploads\/2023\/08\/A5536DDE0F4A1AD592B08382366E61EEC3B98B3C231FEA434D505F1412298D09_sk_6_cid_1-1-133x75.png 133w, https:\/\/englishonline.education\/wp-content\/uploads\/2023\/08\/A5536DDE0F4A1AD592B08382366E61EEC3B98B3C231FEA434D505F1412298D09_sk_6_cid_1-1.png 1280w\" sizes=\"(max-width: 1024px) 100vw, 1024px\" \/>\t\t\t\t\t\t\t\t\t\t\t\t\t\t\t<\/div>\n\t\t\t\t<\/div>\n\t\t\t\t<\/div>\n\t\t<div class=\"elementor-element elementor-element-4905d05 e-con-full e-flex e-con e-child\" data-id=\"4905d05\" data-element_type=\"container\" data-settings=\"{&quot;content_width&quot;:&quot;full&quot;}\">\n\t\t\t\t<div class=\"elementor-element elementor-element-8991429 elementor-widget elementor-widget-spacer\" data-id=\"8991429\" data-element_type=\"widget\" data-widget_type=\"spacer.default\">\n\t\t\t\t<div class=\"elementor-widget-container\">\n\t\t\t\t\t<div class=\"elementor-spacer\">\n\t\t\t<div class=\"elementor-spacer-inner\"><\/div>\n\t\t<\/div>\n\t\t\t\t<\/div>\n\t\t\t\t<\/div>\n\t\t\t\t<div class=\"elementor-element elementor-element-dcaa542 elementor-widget elementor-widget-image-box\" data-id=\"dcaa542\" data-element_type=\"widget\" data-widget_type=\"image-box.default\">\n\t\t\t\t<div class=\"elementor-widget-container\">\n\t\t\t<style>.elementor-widget-image-box .elementor-image-box-content{width:100%}@media (min-width:898px){.elementor-widget-image-box.elementor-position-left .elementor-image-box-wrapper,.elementor-widget-image-box.elementor-position-right .elementor-image-box-wrapper{display:flex}.elementor-widget-image-box.elementor-position-right .elementor-image-box-wrapper{text-align:right;flex-direction:row-reverse}.elementor-widget-image-box.elementor-position-left .elementor-image-box-wrapper{text-align:left;flex-direction:row}.elementor-widget-image-box.elementor-position-top .elementor-image-box-img{margin:auto}.elementor-widget-image-box.elementor-vertical-align-top .elementor-image-box-wrapper{align-items:flex-start}.elementor-widget-image-box.elementor-vertical-align-middle .elementor-image-box-wrapper{align-items:center}.elementor-widget-image-box.elementor-vertical-align-bottom .elementor-image-box-wrapper{align-items:flex-end}}@media (max-width:897px){.elementor-widget-image-box .elementor-image-box-img{margin-left:auto!important;margin-right:auto!important;margin-bottom:15px}}.elementor-widget-image-box .elementor-image-box-img{display:inline-block}.elementor-widget-image-box .elementor-image-box-title a{color:inherit}.elementor-widget-image-box .elementor-image-box-wrapper{text-align:center}.elementor-widget-image-box .elementor-image-box-description{margin:0}<\/style><div class=\"elementor-image-box-wrapper\"><div class=\"elementor-image-box-content\"><h3 class=\"elementor-image-box-title\">Contenido Academico<\/h3><p class=\"elementor-image-box-description\">Todas las clases son preparadas de manera anticipada por los docentes, quienes han generado un plan de estudio de acuerdo al nivel de conocimiento de los participantes. <br><br>Al inicio de cada sesi\u00f3n, se relaciona el vocabulario que aprender\u00e1n y usar\u00e1n durante la lecci\u00f3n. Mediante t\u00e9cnicas de ense\u00f1anza, los profesores generan el ambiente de conversaci\u00f3n necesario para optimizar el uso de dichas palabras, incorpor\u00e1ndolas a su vocabulario. <\/p><\/div><\/div>\t\t<\/div>\n\t\t\t\t<\/div>\n\t\t\t\t<\/div>\n\t\t\t\t\t<\/div>\n\t\t\t\t<\/div>\n\t\t\t\t\t\t\t<\/div>\n\t\t","protected":false},"excerpt":{"rendered":"<p>Nuestras Acreditaciones Metodolog\u00eda 0 Estudiantes por sal\u00f3n Contenido Academico Todas las clases son preparadas de manera anticipada por los docentes, quienes han generado un plan de<span class=\"excerpt-hellip\"> [\u2026]<\/span><\/p>\n","protected":false},"author":1,"featured_media":0,"parent":0,"menu_order":0,"comment_status":"closed","ping_status":"closed","template":"","meta":{"footnotes":""},"_links":{"self":[{"href":"https:\/\/englishonline.education\/index.php?rest_route=\/wp\/v2\/pages\/135"}],"collection":[{"href":"https:\/\/englishonline.education\/index.php?rest_route=\/wp\/v2\/pages"}],"about":[{"href":"https:\/\/englishonline.education\/index.php?rest_route=\/wp\/v2\/types\/page"}],"author":[{"embeddable":true,"href":"https:\/\/englishonline.education\/index.php?rest_route=\/wp\/v2\/users\/1"}],"replies":[{"embeddable":true,"href":"https:\/\/englishonline.education\/index.php?rest_route=%2Fwp%2Fv2%2Fcomments&post=135"}],"version-history":[{"count":128,"href":"https:\/\/englishonline.education\/index.php?rest_route=\/wp\/v2\/pages\/135\/revisions"}],"predecessor-version":[{"id":294,"href":"https:\/\/englishonline.education\/index.php?rest_route=\/wp\/v2\/pages\/135\/revisions\/294"}],"wp:attachment":[{"href":"https:\/\/englishonline.education\/index.php?rest_route=%2Fwp%2Fv2%2Fmedia&parent=135"}],"curies":[{"name":"wp","href":"https:\/\/api.w.org\/{rel}","templated":true}]}}